{"id":5072,"date":"2025-10-18T17:57:34","date_gmt":"2025-10-18T17:57:34","guid":{"rendered":"https:\/\/venusvoucher.eu\/?page_id=5072"},"modified":"2025-10-18T18:06:31","modified_gmt":"2025-10-18T18:06:31","slug":"cookie-szabalyzat","status":"publish","type":"page","link":"https:\/\/venusvoucher.eu\/sk\/cookie-szabalyzat\/","title":{"rendered":"Cookie szab\u00e1lyzat"},"content":{"rendered":"<p><\/p>\n\n\n\n<h2 class=\"wp-block-heading\">COOKIE SZAB\u00c1LYZAT \/ VYHL\u00c1SENIE O S\u00daBOROCH COOKIE<\/h2>\n\n\n\n<p>Hat\u00e1lyos: <strong>2025. okt\u00f3ber 18-t\u00f3l<\/strong> \/ <em>\u00da\u010dinn\u00e9 od: <strong>18. okt\u00f3bra 2025<\/strong><\/em><\/p>\n\n\n\n<hr class=\"wp-block-separator has-alpha-channel-opacity\"\/>\n\n\n\n<h2 class=\"wp-block-heading\">1. MI AZ A COOKIE? \/ \u010cO S\u00da S\u00daBORY COOKIE?<\/h2>\n\n\n\n<p>A cookie (\u201es\u00fcti\u201d) egy kis adatf\u00e1jl, amelyet a weboldal az \u00d6n sz\u00e1m\u00edt\u00f3g\u00e9p\u00e9n vagy mobil eszk\u00f6z\u00e9n t\u00e1rol. Seg\u00edts\u00e9g\u00fckkel a webhely megjegyzi az \u00d6n be\u00e1ll\u00edt\u00e1sait (p\u00e9ld\u00e1ul nyelv, bejelentkez\u00e9s), \u00e9s statisztikai vagy marketing c\u00e9lokra is gy\u0171jthet inform\u00e1ci\u00f3kat.<\/p>\n\n\n\n<p><em>S\u00fabor cookie je mal\u00fd d\u00e1tov\u00fd s\u00fabor, ktor\u00fd webov\u00e1 str\u00e1nka uklad\u00e1 do v\u00e1\u0161ho po\u010d\u00edta\u010da alebo mobiln\u00e9ho zariadenia. Pomocou nich si str\u00e1nka pam\u00e4t\u00e1 va\u0161e nastavenia (napr. jazyk, prihl\u00e1senie) a m\u00f4\u017ee zhroma\u017e\u010fova\u0165 inform\u00e1cie na \u0161tatistick\u00e9 alebo marketingov\u00e9 \u00fa\u010dely.<\/em><\/p>\n\n\n\n<h2 class=\"wp-block-heading\">2. MILYEN COOKIE-KAT HASZN\u00c1LUNK \/ AK\u00c9 COOKIES POU\u017d\u00cdVAME<\/h2>\n\n\n\n<p>A weboldal t\u00f6bbf\u00e9le cookie-t haszn\u00e1l annak \u00e9rdek\u00e9ben, hogy megfelel\u0151en m\u0171k\u00f6dj\u00f6n, \u00e9s jobb felhaszn\u00e1l\u00f3i \u00e9lm\u00e9nyt ny\u00fajtson.<\/p>\n\n\n\n<p><em>Webov\u00e1 str\u00e1nka pou\u017e\u00edva nieko\u013eko typov cookies, aby spr\u00e1vne fungovala a poskytovala lep\u0161\u00ed pou\u017e\u00edvate\u013esk\u00fd z\u00e1\u017eitok.<\/em><\/p>\n\n\n\n<ul class=\"wp-block-list\">\n<li><strong>Sz\u00fcks\u00e9ges cookie-k:<\/strong> ezek elengedhetetlenek a weboldal alapvet\u0151 m\u0171k\u00f6d\u00e9s\u00e9hez (pl. \u0171rlapok, bejelentkez\u00e9s).<br><em><strong>Nevyhnutn\u00e9 cookies:<\/strong> s\u00fa potrebn\u00e9 na z\u00e1kladn\u00e9 fungovanie webovej str\u00e1nky (napr. formul\u00e1re, prihl\u00e1senie).<\/em><\/li>\n\n\n\n<li><strong>Statisztikai cookie-k:<\/strong> anonim adatokat gy\u0171jtenek a l\u00e1togatotts\u00e1gr\u00f3l \u00e9s az oldalhaszn\u00e1latr\u00f3l (pl. Google Analytics).<br><em><strong>\u0160tatistick\u00e9 cookies:<\/strong> zhroma\u017e\u010fuj\u00fa anonymn\u00e9 \u00fadaje o n\u00e1v\u0161tevnosti a pou\u017e\u00edvan\u00ed str\u00e1nky (napr. Google Analytics).<\/em><\/li>\n\n\n\n<li><strong>Marketing cookie-k:<\/strong> seg\u00edtenek szem\u00e9lyre szabott hirdet\u00e9seket megjelen\u00edteni, p\u00e9ld\u00e1ul a Facebook vagy a Google h\u00e1l\u00f3zatain.<br><em><strong>Marketingov\u00e9 cookies:<\/strong> pom\u00e1haj\u00fa zobrazova\u0165 personalizovan\u00fa reklamu, napr\u00edklad v sie\u0165ach Facebook alebo Google.<\/em><\/li>\n<\/ul>\n\n\n\n<h2 class=\"wp-block-heading\">3. ANALITIKAI \u00c9S MARKETING ESZK\u00d6Z\u00d6K \/ ANALYTICK\u00c9 A MARKETINGOV\u00c9 N\u00c1STROJE<\/h2>\n\n\n\n<p>Az oldal a <strong>Google Analytics<\/strong> \u00e9s a <strong>Meta Pixel (Facebook)<\/strong> eszk\u00f6z\u00f6ket haszn\u00e1lja az oldall\u00e1togat\u00e1sok \u00e9s a marketingkamp\u00e1nyok hat\u00e9konys\u00e1g\u00e1nak m\u00e9r\u00e9s\u00e9re. Ezek a szolg\u00e1ltat\u00f3k az Eur\u00f3pai Gazdas\u00e1gi T\u00e9rs\u00e9gen k\u00edv\u00fcl (pl. USA) is feldolgozhatj\u00e1k az adatokat, de csak az \u00d6n hozz\u00e1j\u00e1rul\u00e1sa ut\u00e1n, \u00e9s mindig a GDPR 45\u201346. cikkeinek megfelel\u0151 v\u00e9delemmel.<\/p>\n\n\n\n<p><em>Str\u00e1nka pou\u017e\u00edva n\u00e1stroje <strong>Google Analytics<\/strong> the <strong>Meta Pixel (Facebook)<\/strong> na meranie n\u00e1v\u0161tevnosti a efekt\u00edvnosti marketingov\u00fdch kampan\u00ed. Tieto slu\u017eby m\u00f4\u017eu sprac\u00fava\u0165 \u00fadaje mimo Eur\u00f3pskeho hospod\u00e1rskeho priestoru (napr. v USA), ale iba po va\u0161om s\u00fahlase a v\u017edy v s\u00falade s \u010dl\u00e1nkami 45\u201346 GDPR.<\/em><\/p>\n\n\n\n<h2 class=\"wp-block-heading\">4. HOZZ\u00c1J\u00c1RUL\u00c1S \u00c9S BE\u00c1LL\u00cdT\u00c1SOK \/ S\u00daHLAS A NASTAVENIA<\/h2>\n\n\n\n<p>A weboldal els\u0151 l\u00e1togat\u00e1sakor egy s\u00e1v jelenik meg, ahol eld\u00f6ntheti, hogy elfogadja-e a cookie-kat. A hozz\u00e1j\u00e1rul\u00e1s b\u00e1rmikor visszavonhat\u00f3 vagy m\u00f3dos\u00edthat\u00f3 a cookie-s\u00e1von kereszt\u00fcl vagy a b\u00f6ng\u00e9sz\u0151 be\u00e1ll\u00edt\u00e1saiban.<\/p>\n\n\n\n<p><em>Pri prvej n\u00e1v\u0161teve str\u00e1nky sa zobraz\u00ed li\u0161ta, kde m\u00f4\u017eete rozhodn\u00fa\u0165, \u010di s\u00fahlas\u00edte s pou\u017e\u00edvan\u00edm cookies. S\u00fahlas m\u00f4\u017eete kedyko\u013evek odvola\u0165 alebo zmeni\u0165 prostredn\u00edctvom li\u0161ty cookies alebo nastaven\u00ed prehliada\u010da.<\/em><\/p>\n\n\n\n<h2 class=\"wp-block-heading\">5. COOKIE-K KEZEL\u00c9SE \/ SPR\u00c1VA COOKIES<\/h2>\n\n\n\n<p>A legt\u00f6bb b\u00f6ng\u00e9sz\u0151 lehet\u0151v\u00e9 teszi a cookie-k t\u00f6rl\u00e9s\u00e9t, letilt\u00e1s\u00e1t vagy kezel\u00e9s\u00e9t. Az al\u00e1bbi linkeken megtal\u00e1lja a legn\u00e9pszer\u0171bb b\u00f6ng\u00e9sz\u0151k be\u00e1ll\u00edt\u00e1sait:<\/p>\n\n\n\n<p><em>V\u00e4\u010d\u0161ina prehliada\u010dov umo\u017e\u0148uje odstr\u00e1ni\u0165, zak\u00e1za\u0165 alebo spravova\u0165 cookies. Nasleduj\u00face odkazy ved\u00fa na nastavenia najpou\u017e\u00edvanej\u0161\u00edch prehliada\u010dov:<\/em><\/p>\n\n\n\n<ul class=\"wp-block-list\">\n<li><a href=\"https:\/\/support.google.com\/chrome\/answer\/95647\" target=\"_blank\" rel=\"noreferrer noopener\">Google Chrome \u2013 cookie be\u00e1ll\u00edt\u00e1sok \/ nastavenia<\/a><\/li>\n\n\n\n<li><a href=\"https:\/\/support.mozilla.org\/kb\/enabling-and-disabling-cookies\" target=\"_blank\" rel=\"noreferrer noopener\">Mozilla Firefox \u2013 cookie be\u00e1ll\u00edt\u00e1sok \/ nastavenia<\/a><\/li>\n\n\n\n<li><a href=\"https:\/\/support.apple.com\/guide\/safari\/manage-cookies-sfri11471\/mac\" target=\"_blank\" rel=\"noreferrer noopener\">Safari \u2013 cookie be\u00e1ll\u00edt\u00e1sok \/ nastavenia<\/a><\/li>\n\n\n\n<li><a href=\"https:\/\/support.microsoft.com\/microsoft-edge\/delete-cookies-in-microsoft-edge-63947406-40ac-c3b8-57b9-2a946a29ae09\" target=\"_blank\" rel=\"noreferrer noopener\">Microsoft Edge \u2013 cookie be\u00e1ll\u00edt\u00e1sok \/ nastavenia<\/a><\/li>\n<\/ul>\n\n\n\n<h2 class=\"wp-block-heading\">6. KAPCSOLAT \/ KONTAKT<\/h2>\n\n\n\n<p>Ha k\u00e9rd\u00e9se van a cookie-haszn\u00e1lattal kapcsolatban, vegye fel vel\u00fcnk a kapcsolatot az al\u00e1bbi c\u00edmen:<\/p>\n\n\n\n<p><em>Ak m\u00e1te ot\u00e1zky t\u00fdkaj\u00face sa pou\u017e\u00edvania cookies, kontaktujte n\u00e1s na adrese:<\/em><\/p>\n\n\n\n<p><strong>Venus Projekt Modrany s.r.o.<\/strong><br>I\u010cO: 47602724 &nbsp;|&nbsp; DI\u010c: 2024031383<br>E-mail: <a href=\"mailto:venusvoucher@gmail.com\">venusvoucher@gmail.com<\/a><br>Web: <a href=\"https:\/\/www.venusvoucher.eu\" target=\"_blank\" rel=\"noreferrer noopener\">www.venusvoucher.eu<\/a><br>C\u00edm \/ Adresa: 178 Modrany, 94633, Slovensko<\/p>\n\n\n\n<hr class=\"wp-block-separator has-alpha-channel-opacity\"\/>\n\n\n\n<p>\u00a9 2025 Venus Projekt Modrany s.r.o. \u2013 Minden jog fenntartva \/ <em>V\u0161etky pr\u00e1va vyhraden\u00e9.<\/em><\/p>","protected":false},"excerpt":{"rendered":"<p>COOKIE SZAB\u00c1LYZAT \/ VYHL\u00c1SENIE O S\u00daBOROCH COOKIE Hat\u00e1lyos: 2025. okt\u00f3ber 18-t\u00f3l \/ \u00da\u010dinn\u00e9 od: 18. okt\u00f3bra 2025 1. MI AZ A COOKIE? \/ \u010cO S\u00da S\u00daBORY COOKIE? A cookie (\u201es\u00fcti\u201d) egy kis adatf\u00e1jl, amelyet a weboldal az \u00d6n sz\u00e1m\u00edt\u00f3g\u00e9p\u00e9n vagy mobil eszk\u00f6z\u00e9n t\u00e1rol. Seg\u00edts\u00e9g\u00fckkel a webhely megjegyzi az \u00d6n be\u00e1ll\u00edt\u00e1sait (p\u00e9ld\u00e1ul nyelv, bejelentkez\u00e9s), \u00e9s statisztikai [&hellip;]<\/p>","protected":false},"author":1,"featured_media":0,"parent":0,"menu_order":0,"comment_status":"closed","ping_status":"closed","template":"templates\/landing.php","meta":{"ocean_post_layout":"","ocean_both_sidebars_style":"","ocean_both_sidebars_content_width":0,"ocean_both_sidebars_sidebars_width":0,"ocean_sidebar":"","ocean_second_sidebar":"","ocean_disable_margins":"enable","ocean_add_body_class":"","ocean_shortcode_before_top_bar":"","ocean_shortcode_after_top_bar":"","ocean_shortcode_before_header":"","ocean_shortcode_after_header":"","ocean_has_shortcode":"","ocean_shortcode_after_title":"","ocean_shortcode_before_footer_widgets":"","ocean_shortcode_after_footer_widgets":"","ocean_shortcode_before_footer_bottom":"","ocean_shortcode_after_footer_bottom":"","ocean_display_top_bar":"default","ocean_display_header":"default","ocean_header_style":"","ocean_center_header_left_menu":"","ocean_custom_header_template":"","ocean_custom_logo":0,"ocean_custom_retina_logo":0,"ocean_custom_logo_max_width":0,"ocean_custom_logo_tablet_max_width":0,"ocean_custom_logo_mobile_max_width":0,"ocean_custom_logo_max_height":0,"ocean_custom_logo_tablet_max_height":0,"ocean_custom_logo_mobile_max_height":0,"ocean_header_custom_menu":"","ocean_menu_typo_font_family":"","ocean_menu_typo_font_subset":"","ocean_menu_typo_font_size":0,"ocean_menu_typo_font_size_tablet":0,"ocean_menu_typo_font_size_mobile":0,"ocean_menu_typo_font_size_unit":"px","ocean_menu_typo_font_weight":"","ocean_menu_typo_font_weight_tablet":"","ocean_menu_typo_font_weight_mobile":"","ocean_menu_typo_transform":"","ocean_menu_typo_transform_tablet":"","ocean_menu_typo_transform_mobile":"","ocean_menu_typo_line_height":0,"ocean_menu_typo_line_height_tablet":0,"ocean_menu_typo_line_height_mobile":0,"ocean_menu_typo_line_height_unit":"","ocean_menu_typo_spacing":0,"ocean_menu_typo_spacing_tablet":0,"ocean_menu_typo_spacing_mobile":0,"ocean_menu_typo_spacing_unit":"","ocean_menu_link_color":"","ocean_menu_link_color_hover":"","ocean_menu_link_color_active":"","ocean_menu_link_background":"","ocean_menu_link_hover_background":"","ocean_menu_link_active_background":"","ocean_menu_social_links_bg":"","ocean_menu_social_hover_links_bg":"","ocean_menu_social_links_color":"","ocean_menu_social_hover_links_color":"","ocean_disable_title":"default","ocean_disable_heading":"default","ocean_post_title":"","ocean_post_subheading":"","ocean_post_title_style":"","ocean_post_title_background_color":"","ocean_post_title_background":0,"ocean_post_title_bg_image_position":"","ocean_post_title_bg_image_attachment":"","ocean_post_title_bg_image_repeat":"","ocean_post_title_bg_image_size":"","ocean_post_title_height":0,"ocean_post_title_bg_overlay":0.5,"ocean_post_title_bg_overlay_color":"","ocean_disable_breadcrumbs":"default","ocean_breadcrumbs_color":"","ocean_breadcrumbs_separator_color":"","ocean_breadcrumbs_links_color":"","ocean_breadcrumbs_links_hover_color":"","ocean_display_footer_widgets":"default","ocean_display_footer_bottom":"default","ocean_custom_footer_template":"","footnotes":""},"class_list":["post-5072","page","type-page","status-publish","hentry","entry"],"_links":{"self":[{"href":"https:\/\/venusvoucher.eu\/sk\/wp-json\/wp\/v2\/pages\/5072","targetHints":{"allow":["GET"]}}],"collection":[{"href":"https:\/\/venusvoucher.eu\/sk\/wp-json\/wp\/v2\/pages"}],"about":[{"href":"https:\/\/venusvoucher.eu\/sk\/wp-json\/wp\/v2\/types\/page"}],"author":[{"embeddable":true,"href":"https:\/\/venusvoucher.eu\/sk\/wp-json\/wp\/v2\/users\/1"}],"replies":[{"embeddable":true,"href":"https:\/\/venusvoucher.eu\/sk\/wp-json\/wp\/v2\/comments?post=5072"}],"version-history":[{"count":2,"href":"https:\/\/venusvoucher.eu\/sk\/wp-json\/wp\/v2\/pages\/5072\/revisions"}],"predecessor-version":[{"id":5076,"href":"https:\/\/venusvoucher.eu\/sk\/wp-json\/wp\/v2\/pages\/5072\/revisions\/5076"}],"wp:attachment":[{"href":"https:\/\/venusvoucher.eu\/sk\/wp-json\/wp\/v2\/media?parent=5072"}],"curies":[{"name":"wp","href":"https:\/\/api.w.org\/{rel}","templated":true}]}}