{"id":293,"date":"2019-11-08T12:03:25","date_gmt":"2019-11-08T12:03:25","guid":{"rendered":"https:\/\/venusprojekt.eu\/?page_id=293"},"modified":"2025-10-18T13:40:04","modified_gmt":"2025-10-18T13:40:04","slug":"venuspoints","status":"publish","type":"page","link":"https:\/\/venusvoucher.eu\/sk\/venuspoints\/","title":{"rendered":"Venus lokality"},"content":{"rendered":"<div data-elementor-type=\"wp-page\" data-elementor-id=\"293\" class=\"elementor elementor-293\" data-elementor-post-type=\"page\">\n\t\t\t\t\t\t<section class=\"elementor-section elementor-top-section elementor-element elementor-element-b6fbbd7 elementor-section-boxed elementor-section-height-default elementor-section-height-default\" data-id=\"b6fbbd7\" data-element_type=\"section\" data-settings=\"{&quot;background_background&quot;:&quot;classic&quot;}\">\n\t\t\t\t\t\t<div class=\"elementor-container elementor-column-gap-default\">\n\t\t\t\t\t<div class=\"elementor-column elementor-col-100 elementor-top-column elementor-element elementor-element-9794b59\" data-id=\"9794b59\" data-element_type=\"column\">\n\t\t\t<div class=\"elementor-widget-wrap elementor-element-populated\">\n\t\t\t\t\t\t<div class=\"elementor-element elementor-element-a256769 elementor-invisible elementor-widget elementor-widget-heading\" data-id=\"a256769\" data-element_type=\"widget\" data-settings=\"{&quot;motion_fx_motion_fx_mouse&quot;:&quot;yes&quot;,&quot;motion_fx_tilt_effect&quot;:&quot;yes&quot;,&quot;motion_fx_tilt_speed&quot;:{&quot;unit&quot;:&quot;px&quot;,&quot;size&quot;:1.4,&quot;sizes&quot;:[]},&quot;_animation&quot;:&quot;fadeInDown&quot;}\" data-widget_type=\"heading.default\">\n\t\t\t\t<div class=\"elementor-widget-container\">\n\t\t\t\t\t<h2 class=\"elementor-heading-title elementor-size-default\">\u00dcdv\u00f6zletem. az aj\u00e1nd\u00e9kutalv\u00e1ny\u00e1val megegyez\u0151 k\u00e9pre kattintva nyithat\u00f3 meg az aj\u00e1nd\u00e9kutalv\u00e1nyt kibocs\u00e1jt\u00f3 szolg\u00e1lat\u00f3 egys\u00e9g kateg\u00f3riafel\u00fclete.<br> <br>az al\u00e1bbi k\u00e9pek mindegyike interakt\u00edv. <\/h2>\t\t\t\t<\/div>\n\t\t\t\t<\/div>\n\t\t\t\t\t<\/div>\n\t\t<\/div>\n\t\t\t\t\t<\/div>\n\t\t<\/section>\n\t\t\t\t<section class=\"elementor-section elementor-top-section elementor-element elementor-element-3ad0f99 elementor-section-height-min-height elementor-section-content-middle elementor-reverse-tablet elementor-reverse-mobile elementor-section-boxed elementor-section-height-default elementor-section-items-middle elementor-invisible\" data-id=\"3ad0f99\" data-element_type=\"section\" data-settings=\"{&quot;motion_fx_motion_fx_scrolling&quot;:&quot;yes&quot;,&quot;animation&quot;:&quot;fadeInUp&quot;,&quot;motion_fx_devices&quot;:[&quot;desktop&quot;,&quot;tablet&quot;,&quot;mobile&quot;]}\">\n\t\t\t\t\t\t<div class=\"elementor-container elementor-column-gap-default\">\n\t\t\t\t\t<div class=\"elementor-column elementor-col-100 elementor-top-column elementor-element elementor-element-8361e0c\" data-id=\"8361e0c\" data-element_type=\"column\">\n\t\t\t<div class=\"elementor-widget-wrap elementor-element-populated\">\n\t\t\t\t\t\t<div class=\"elementor-element elementor-element-e7e4983 elementor-widget__width-initial elementor-widget elementor-widget-image\" data-id=\"e7e4983\" data-element_type=\"widget\" data-widget_type=\"image.default\">\n\t\t\t\t<div class=\"elementor-widget-container\">\n\t\t\t\t\t\t\t\t\t\t\t\t\t\t\t\t<a href=\"https:\/\/venusvoucher.eu\/venuspoints\/aqua\/\">\n\t\t\t\t\t\t\t<img fetchpriority=\"high\" decoding=\"async\" width=\"522\" height=\"220\" src=\"https:\/\/venusvoucher.eu\/wp-content\/uploads\/2025\/09\/AQUA-TICKET-1.png\" class=\"attachment-large size-large wp-image-3995\" alt=\"AQUA TICKET mini\" srcset=\"https:\/\/venusvoucher.eu\/wp-content\/uploads\/2025\/09\/AQUA-TICKET-1.png 522w, https:\/\/venusvoucher.eu\/wp-content\/uploads\/2025\/09\/AQUA-TICKET-1-300x126.png 300w, https:\/\/venusvoucher.eu\/wp-content\/uploads\/2025\/09\/AQUA-TICKET-1-18x8.png 18w\" sizes=\"(max-width: 522px) 100vw, 522px\" \/>\t\t\t\t\t\t\t\t<\/a>\n\t\t\t\t\t\t\t\t\t\t\t\t\t\t\t<\/div>\n\t\t\t\t<\/div>\n\t\t\t\t<div class=\"elementor-element elementor-element-4656de8 elementor-widget__width-initial elementor-widget elementor-widget-image\" data-id=\"4656de8\" data-element_type=\"widget\" data-widget_type=\"image.default\">\n\t\t\t\t<div class=\"elementor-widget-container\">\n\t\t\t\t\t\t\t\t\t\t\t\t\t\t\t\t<a href=\"https:\/\/venusvoucher.eu\/venuspoints\/fitness\/\">\n\t\t\t\t\t\t\t<img decoding=\"async\" width=\"699\" height=\"301\" src=\"https:\/\/venusvoucher.eu\/wp-content\/uploads\/2025\/09\/FITNESS-TICKET-2.png\" class=\"attachment-large size-large wp-image-3996\" alt=\"FITNESS TICKET mini\" srcset=\"https:\/\/venusvoucher.eu\/wp-content\/uploads\/2025\/09\/FITNESS-TICKET-2.png 699w, https:\/\/venusvoucher.eu\/wp-content\/uploads\/2025\/09\/FITNESS-TICKET-2-300x129.png 300w, https:\/\/venusvoucher.eu\/wp-content\/uploads\/2025\/09\/FITNESS-TICKET-2-18x8.png 18w, https:\/\/venusvoucher.eu\/wp-content\/uploads\/2025\/09\/FITNESS-TICKET-2-600x258.png 600w\" sizes=\"(max-width: 699px) 100vw, 699px\" \/>\t\t\t\t\t\t\t\t<\/a>\n\t\t\t\t\t\t\t\t\t\t\t\t\t\t\t<\/div>\n\t\t\t\t<\/div>\n\t\t\t\t<div class=\"elementor-element elementor-element-b699ca3 elementor-widget__width-initial elementor-widget elementor-widget-image\" data-id=\"b699ca3\" data-element_type=\"widget\" data-widget_type=\"image.default\">\n\t\t\t\t<div class=\"elementor-widget-container\">\n\t\t\t\t\t\t\t\t\t\t\t\t\t\t\t\t<a href=\"https:\/\/venusvoucher.eu\/venuspoints\/sauna\/\">\n\t\t\t\t\t\t\t<img decoding=\"async\" width=\"1024\" height=\"483\" src=\"https:\/\/venusvoucher.eu\/wp-content\/uploads\/2025\/09\/SAUNA-TICKET-1-1024x483.png\" class=\"attachment-large size-large wp-image-3997\" alt=\"SAUNA TICKET mini\" srcset=\"https:\/\/venusvoucher.eu\/wp-content\/uploads\/2025\/09\/SAUNA-TICKET-1-1024x483.png 1024w, https:\/\/venusvoucher.eu\/wp-content\/uploads\/2025\/09\/SAUNA-TICKET-1-300x141.png 300w, https:\/\/venusvoucher.eu\/wp-content\/uploads\/2025\/09\/SAUNA-TICKET-1-768x362.png 768w, https:\/\/venusvoucher.eu\/wp-content\/uploads\/2025\/09\/SAUNA-TICKET-1-18x8.png 18w, https:\/\/venusvoucher.eu\/wp-content\/uploads\/2025\/09\/SAUNA-TICKET-1-600x283.png 600w, https:\/\/venusvoucher.eu\/wp-content\/uploads\/2025\/09\/SAUNA-TICKET-1.png 1313w\" sizes=\"(max-width: 1024px) 100vw, 1024px\" \/>\t\t\t\t\t\t\t\t<\/a>\n\t\t\t\t\t\t\t\t\t\t\t\t\t\t\t<\/div>\n\t\t\t\t<\/div>\n\t\t\t\t<div class=\"elementor-element elementor-element-b2a57ed elementor-widget__width-initial elementor-widget elementor-widget-image\" data-id=\"b2a57ed\" data-element_type=\"widget\" data-widget_type=\"image.default\">\n\t\t\t\t<div class=\"elementor-widget-container\">\n\t\t\t\t\t\t\t\t\t\t\t\t\t\t\t\t<a href=\"https:\/\/venusvoucher.eu\/venuspoints\/shopping\/\">\n\t\t\t\t\t\t\t<img loading=\"lazy\" decoding=\"async\" width=\"709\" height=\"335\" src=\"https:\/\/venusvoucher.eu\/wp-content\/uploads\/2025\/09\/SHOPPING-TICKET-1.png\" class=\"attachment-large size-large wp-image-4002\" alt=\"SHOPPING TICKET mini\" srcset=\"https:\/\/venusvoucher.eu\/wp-content\/uploads\/2025\/09\/SHOPPING-TICKET-1.png 709w, https:\/\/venusvoucher.eu\/wp-content\/uploads\/2025\/09\/SHOPPING-TICKET-1-300x142.png 300w, https:\/\/venusvoucher.eu\/wp-content\/uploads\/2025\/09\/SHOPPING-TICKET-1-18x9.png 18w, https:\/\/venusvoucher.eu\/wp-content\/uploads\/2025\/09\/SHOPPING-TICKET-1-600x283.png 600w\" sizes=\"(max-width: 709px) 100vw, 709px\" \/>\t\t\t\t\t\t\t\t<\/a>\n\t\t\t\t\t\t\t\t\t\t\t\t\t\t\t<\/div>\n\t\t\t\t<\/div>\n\t\t\t\t\t<\/div>\n\t\t<\/div>\n\t\t\t\t\t<\/div>\n\t\t<\/section>\n\t\t\t\t<section class=\"elementor-section elementor-top-section elementor-element elementor-element-4845c37 elementor-section-height-min-height elementor-section-content-middle elementor-section-boxed elementor-section-height-default elementor-section-items-middle elementor-invisible\" data-id=\"4845c37\" data-element_type=\"section\" data-settings=\"{&quot;motion_fx_motion_fx_scrolling&quot;:&quot;yes&quot;,&quot;animation&quot;:&quot;zoomIn&quot;,&quot;motion_fx_devices&quot;:[&quot;desktop&quot;,&quot;tablet&quot;,&quot;mobile&quot;]}\">\n\t\t\t\t\t\t<div class=\"elementor-container elementor-column-gap-extended\">\n\t\t\t\t\t<div class=\"elementor-column elementor-col-100 elementor-top-column elementor-element elementor-element-3728766\" data-id=\"3728766\" data-element_type=\"column\">\n\t\t\t<div class=\"elementor-widget-wrap elementor-element-populated\">\n\t\t\t\t\t\t<div class=\"elementor-element elementor-element-56fa5ac elementor-widget__width-initial elementor-widget elementor-widget-image\" data-id=\"56fa5ac\" data-element_type=\"widget\" data-widget_type=\"image.default\">\n\t\t\t\t<div class=\"elementor-widget-container\">\n\t\t\t\t\t\t\t\t\t\t\t\t\t\t\t\t<a href=\"https:\/\/venusvoucher.eu\/venuspoints\/cottage\/\">\n\t\t\t\t\t\t\t<img loading=\"lazy\" decoding=\"async\" width=\"709\" height=\"333\" src=\"https:\/\/venusvoucher.eu\/wp-content\/uploads\/2025\/09\/COTTAGE-TICKET-1.png\" class=\"attachment-large size-large wp-image-4001\" alt=\"COTTAGE TICKET mini\" srcset=\"https:\/\/venusvoucher.eu\/wp-content\/uploads\/2025\/09\/COTTAGE-TICKET-1.png 709w, https:\/\/venusvoucher.eu\/wp-content\/uploads\/2025\/09\/COTTAGE-TICKET-1-300x141.png 300w, https:\/\/venusvoucher.eu\/wp-content\/uploads\/2025\/09\/COTTAGE-TICKET-1-18x8.png 18w, https:\/\/venusvoucher.eu\/wp-content\/uploads\/2025\/09\/COTTAGE-TICKET-1-600x282.png 600w\" sizes=\"(max-width: 709px) 100vw, 709px\" \/>\t\t\t\t\t\t\t\t<\/a>\n\t\t\t\t\t\t\t\t\t\t\t\t\t\t\t<\/div>\n\t\t\t\t<\/div>\n\t\t\t\t<div class=\"elementor-element elementor-element-0015471 elementor-widget__width-initial elementor-widget elementor-widget-image\" data-id=\"0015471\" data-element_type=\"widget\" data-widget_type=\"image.default\">\n\t\t\t\t<div class=\"elementor-widget-container\">\n\t\t\t\t\t\t\t\t\t\t\t\t\t\t\t\t<a href=\"https:\/\/venusvoucher.eu\/venuspoints\/gastroad\/\">\n\t\t\t\t\t\t\t<img loading=\"lazy\" decoding=\"async\" width=\"1024\" height=\"484\" src=\"https:\/\/venusvoucher.eu\/wp-content\/uploads\/2025\/09\/GASTROAD-TICKET-1-1024x484.png\" class=\"attachment-large size-large wp-image-3999\" alt=\"GASTROAD TICKET mini\" srcset=\"https:\/\/venusvoucher.eu\/wp-content\/uploads\/2025\/09\/GASTROAD-TICKET-1-1024x484.png 1024w, https:\/\/venusvoucher.eu\/wp-content\/uploads\/2025\/09\/GASTROAD-TICKET-1-300x142.png 300w, https:\/\/venusvoucher.eu\/wp-content\/uploads\/2025\/09\/GASTROAD-TICKET-1-768x363.png 768w, https:\/\/venusvoucher.eu\/wp-content\/uploads\/2025\/09\/GASTROAD-TICKET-1-18x8.png 18w, https:\/\/venusvoucher.eu\/wp-content\/uploads\/2025\/09\/GASTROAD-TICKET-1-600x283.png 600w, https:\/\/venusvoucher.eu\/wp-content\/uploads\/2025\/09\/GASTROAD-TICKET-1.png 1258w\" sizes=\"(max-width: 1024px) 100vw, 1024px\" \/>\t\t\t\t\t\t\t\t<\/a>\n\t\t\t\t\t\t\t\t\t\t\t\t\t\t\t<\/div>\n\t\t\t\t<\/div>\n\t\t\t\t<div class=\"elementor-element elementor-element-80330b7 elementor-widget__width-initial elementor-widget elementor-widget-image\" data-id=\"80330b7\" data-element_type=\"widget\" data-widget_type=\"image.default\">\n\t\t\t\t<div class=\"elementor-widget-container\">\n\t\t\t\t\t\t\t\t\t\t\t\t\t\t\t\t<a href=\"https:\/\/venusvoucher.eu\/venuspoints\/restaurant\/\">\n\t\t\t\t\t\t\t<img loading=\"lazy\" decoding=\"async\" width=\"631\" height=\"297\" src=\"https:\/\/venusvoucher.eu\/wp-content\/uploads\/2025\/09\/RESTAURANT-TICKET-1.png\" class=\"attachment-large size-large wp-image-3998\" alt=\"RESTAURANT TICKET mini\" srcset=\"https:\/\/venusvoucher.eu\/wp-content\/uploads\/2025\/09\/RESTAURANT-TICKET-1.png 631w, https:\/\/venusvoucher.eu\/wp-content\/uploads\/2025\/09\/RESTAURANT-TICKET-1-300x141.png 300w, https:\/\/venusvoucher.eu\/wp-content\/uploads\/2025\/09\/RESTAURANT-TICKET-1-18x8.png 18w, https:\/\/venusvoucher.eu\/wp-content\/uploads\/2025\/09\/RESTAURANT-TICKET-1-600x282.png 600w\" sizes=\"(max-width: 631px) 100vw, 631px\" \/>\t\t\t\t\t\t\t\t<\/a>\n\t\t\t\t\t\t\t\t\t\t\t\t\t\t\t<\/div>\n\t\t\t\t<\/div>\n\t\t\t\t<div class=\"elementor-element elementor-element-3513ecc elementor-widget__width-initial elementor-widget elementor-widget-image\" data-id=\"3513ecc\" data-element_type=\"widget\" data-widget_type=\"image.default\">\n\t\t\t\t<div class=\"elementor-widget-container\">\n\t\t\t\t\t\t\t\t\t\t\t\t\t\t\t\t<a href=\"https:\/\/venusvoucher.eu\/venuspoints\/autocard\/\">\n\t\t\t\t\t\t\t<img loading=\"lazy\" decoding=\"async\" width=\"657\" height=\"310\" src=\"https:\/\/venusvoucher.eu\/wp-content\/uploads\/2025\/09\/AUTOCARD-TICKET-1.png\" class=\"attachment-large size-large wp-image-4000\" alt=\"AUTOCARD TICKET mini\" srcset=\"https:\/\/venusvoucher.eu\/wp-content\/uploads\/2025\/09\/AUTOCARD-TICKET-1.png 657w, https:\/\/venusvoucher.eu\/wp-content\/uploads\/2025\/09\/AUTOCARD-TICKET-1-300x142.png 300w, https:\/\/venusvoucher.eu\/wp-content\/uploads\/2025\/09\/AUTOCARD-TICKET-1-18x8.png 18w, https:\/\/venusvoucher.eu\/wp-content\/uploads\/2025\/09\/AUTOCARD-TICKET-1-600x283.png 600w\" sizes=\"(max-width: 657px) 100vw, 657px\" \/>\t\t\t\t\t\t\t\t<\/a>\n\t\t\t\t\t\t\t\t\t\t\t\t\t\t\t<\/div>\n\t\t\t\t<\/div>\n\t\t\t\t\t<\/div>\n\t\t<\/div>\n\t\t\t\t\t<\/div>\n\t\t<\/section>\n\t\t\t\t<\/div>","protected":false},"excerpt":{"rendered":"<p>\u00dcdv\u00f6zletem. az aj\u00e1nd\u00e9kutalv\u00e1ny\u00e1val megegyez\u0151 k\u00e9pre kattintva nyithat\u00f3 meg az aj\u00e1nd\u00e9kutalv\u00e1nyt kibocs\u00e1jt\u00f3 szolg\u00e1lat\u00f3 egys\u00e9g kateg\u00f3riafel\u00fclete. az al\u00e1bbi k\u00e9pek mindegyike interakt\u00edv.<\/p>","protected":false},"author":1,"featured_media":0,"parent":0,"menu_order":0,"comment_status":"closed","ping_status":"closed","template":"elementor_header_footer","meta":{"ocean_post_layout":"","ocean_both_sidebars_style":"","ocean_both_sidebars_content_width":0,"ocean_both_sidebars_sidebars_width":0,"ocean_sidebar":"0","ocean_second_sidebar":"0","ocean_disable_margins":"enable","ocean_add_body_class":"","ocean_shortcode_before_top_bar":"","ocean_shortcode_after_top_bar":"","ocean_shortcode_before_header":"","ocean_shortcode_after_header":"","ocean_has_shortcode":"","ocean_shortcode_after_title":"","ocean_shortcode_before_footer_widgets":"","ocean_shortcode_after_footer_widgets":"","ocean_shortcode_before_footer_bottom":"","ocean_shortcode_after_footer_bottom":"","ocean_display_top_bar":"off","ocean_display_header":"default","ocean_header_style":"","ocean_center_header_left_menu":"0","ocean_custom_header_template":"0","ocean_custom_logo":0,"ocean_custom_retina_logo":0,"ocean_custom_logo_max_width":0,"ocean_custom_logo_tablet_max_width":0,"ocean_custom_logo_mobile_max_width":0,"ocean_custom_logo_max_height":0,"ocean_custom_logo_tablet_max_height":0,"ocean_custom_logo_mobile_max_height":0,"ocean_header_custom_menu":"0","ocean_menu_typo_font_family":"0","ocean_menu_typo_font_subset":"","ocean_menu_typo_font_size":0,"ocean_menu_typo_font_size_tablet":0,"ocean_menu_typo_font_size_mobile":0,"ocean_menu_typo_font_size_unit":"px","ocean_menu_typo_font_weight":"","ocean_menu_typo_font_weight_tablet":"","ocean_menu_typo_font_weight_mobile":"","ocean_menu_typo_transform":"","ocean_menu_typo_transform_tablet":"","ocean_menu_typo_transform_mobile":"","ocean_menu_typo_line_height":0,"ocean_menu_typo_line_height_tablet":0,"ocean_menu_typo_line_height_mobile":0,"ocean_menu_typo_line_height_unit":"","ocean_menu_typo_spacing":0,"ocean_menu_typo_spacing_tablet":0,"ocean_menu_typo_spacing_mobile":0,"ocean_menu_typo_spacing_unit":"","ocean_menu_link_color":"","ocean_menu_link_color_hover":"","ocean_menu_link_color_active":"","ocean_menu_link_background":"","ocean_menu_link_hover_background":"","ocean_menu_link_active_background":"","ocean_menu_social_links_bg":"","ocean_menu_social_hover_links_bg":"","ocean_menu_social_links_color":"","ocean_menu_social_hover_links_color":"","ocean_disable_title":"on","ocean_disable_heading":"default","ocean_post_title":"","ocean_post_subheading":"","ocean_post_title_style":"","ocean_post_title_background_color":"","ocean_post_title_background":0,"ocean_post_title_bg_image_position":"","ocean_post_title_bg_image_attachment":"","ocean_post_title_bg_image_repeat":"","ocean_post_title_bg_image_size":"","ocean_post_title_height":0,"ocean_post_title_bg_overlay":0.5,"ocean_post_title_bg_overlay_color":"","ocean_disable_breadcrumbs":"default","ocean_breadcrumbs_color":"","ocean_breadcrumbs_separator_color":"","ocean_breadcrumbs_links_color":"","ocean_breadcrumbs_links_hover_color":"","ocean_display_footer_widgets":"default","ocean_display_footer_bottom":"default","ocean_custom_footer_template":"0","footnotes":""},"class_list":["post-293","page","type-page","status-publish","hentry","entry"],"_links":{"self":[{"href":"https:\/\/venusvoucher.eu\/sk\/wp-json\/wp\/v2\/pages\/293","targetHints":{"allow":["GET"]}}],"collection":[{"href":"https:\/\/venusvoucher.eu\/sk\/wp-json\/wp\/v2\/pages"}],"about":[{"href":"https:\/\/venusvoucher.eu\/sk\/wp-json\/wp\/v2\/types\/page"}],"author":[{"embeddable":true,"href":"https:\/\/venusvoucher.eu\/sk\/wp-json\/wp\/v2\/users\/1"}],"replies":[{"embeddable":true,"href":"https:\/\/venusvoucher.eu\/sk\/wp-json\/wp\/v2\/comments?post=293"}],"version-history":[{"count":135,"href":"https:\/\/venusvoucher.eu\/sk\/wp-json\/wp\/v2\/pages\/293\/revisions"}],"predecessor-version":[{"id":5048,"href":"https:\/\/venusvoucher.eu\/sk\/wp-json\/wp\/v2\/pages\/293\/revisions\/5048"}],"wp:attachment":[{"href":"https:\/\/venusvoucher.eu\/sk\/wp-json\/wp\/v2\/media?parent=293"}],"curies":[{"name":"wp","href":"https:\/\/api.w.org\/{rel}","templated":true}]}}