{"id":1364,"date":"2020-01-17T11:34:00","date_gmt":"2020-01-17T11:34:00","guid":{"rendered":"https:\/\/venusprojekt.eu\/?page_id=1364"},"modified":"2021-11-10T11:53:53","modified_gmt":"2021-11-10T11:53:53","slug":"ako-to-funguje","status":"publish","type":"page","link":"https:\/\/venusvoucher.eu\/sk\/ako-to-funguje\/","title":{"rendered":"Ako to funguje"},"content":{"rendered":"<div data-elementor-type=\"wp-page\" data-elementor-id=\"1364\" class=\"elementor elementor-1364\" data-elementor-post-type=\"page\">\n\t\t\t\t\t\t<section class=\"elementor-section elementor-top-section elementor-element elementor-element-6b1ced8 elementor-section-height-min-height elementor-section-boxed elementor-section-height-default elementor-section-items-middle\" data-id=\"6b1ced8\" data-element_type=\"section\">\n\t\t\t\t\t\t<div class=\"elementor-container elementor-column-gap-default\">\n\t\t\t\t\t<div class=\"elementor-column elementor-col-100 elementor-top-column elementor-element elementor-element-1d40113\" data-id=\"1d40113\" data-element_type=\"column\">\n\t\t\t<div class=\"elementor-widget-wrap elementor-element-populated\">\n\t\t\t\t\t\t<div class=\"elementor-element elementor-element-3c01469 elementor-widget elementor-widget-heading\" data-id=\"3c01469\" data-element_type=\"widget\" data-settings=\"{&quot;motion_fx_motion_fx_scrolling&quot;:&quot;yes&quot;,&quot;motion_fx_devices&quot;:[&quot;desktop&quot;,&quot;tablet&quot;,&quot;mobile&quot;]}\" data-widget_type=\"heading.default\">\n\t\t\t\t<div class=\"elementor-widget-container\">\n\t\t\t\t\t<h1 class=\"elementor-heading-title elementor-size-default\">v\u0161eobecn\u00e9 inform\u00e1cie<\/h1>\t\t\t\t<\/div>\n\t\t\t\t<\/div>\n\t\t\t\t\t<\/div>\n\t\t<\/div>\n\t\t\t\t\t<\/div>\n\t\t<\/section>\n\t\t\t\t<section class=\"elementor-section elementor-top-section elementor-element elementor-element-8a0eed1 elementor-section-boxed elementor-section-height-default elementor-section-height-default\" data-id=\"8a0eed1\" data-element_type=\"section\">\n\t\t\t\t\t\t<div class=\"elementor-container elementor-column-gap-default\">\n\t\t\t\t\t<div class=\"elementor-column elementor-col-33 elementor-top-column elementor-element elementor-element-7d6d2eb\" data-id=\"7d6d2eb\" data-element_type=\"column\">\n\t\t\t<div class=\"elementor-widget-wrap elementor-element-populated\">\n\t\t\t\t\t\t<div class=\"elementor-element elementor-element-2ec9b9a elementor-widget elementor-widget-text-editor\" data-id=\"2ec9b9a\" data-element_type=\"widget\" data-widget_type=\"text-editor.default\">\n\t\t\t\t<div class=\"elementor-widget-container\">\n\t\t\t\t\t\t\t\t\t<p>Prv\u00fd krok<\/p>\t\t\t\t\t\t\t\t<\/div>\n\t\t\t\t<\/div>\n\t\t\t\t\t<\/div>\n\t\t<\/div>\n\t\t\t\t<div class=\"elementor-column elementor-col-33 elementor-top-column elementor-element elementor-element-02f3e48\" data-id=\"02f3e48\" data-element_type=\"column\">\n\t\t\t<div class=\"elementor-widget-wrap elementor-element-populated\">\n\t\t\t\t\t\t<div class=\"elementor-element elementor-element-697946c elementor-widget elementor-widget-text-editor\" data-id=\"697946c\" data-element_type=\"widget\" data-widget_type=\"text-editor.default\">\n\t\t\t\t<div class=\"elementor-widget-container\">\n\t\t\t\t\t\t\t\t\t<p>Druh\u00fd krok<\/p>\t\t\t\t\t\t\t\t<\/div>\n\t\t\t\t<\/div>\n\t\t\t\t\t<\/div>\n\t\t<\/div>\n\t\t\t\t<div class=\"elementor-column elementor-col-33 elementor-top-column elementor-element elementor-element-01bb30f\" data-id=\"01bb30f\" data-element_type=\"column\">\n\t\t\t<div class=\"elementor-widget-wrap elementor-element-populated\">\n\t\t\t\t\t\t<div class=\"elementor-element elementor-element-d1f7a20 elementor-widget elementor-widget-text-editor\" data-id=\"d1f7a20\" data-element_type=\"widget\" data-widget_type=\"text-editor.default\">\n\t\t\t\t<div class=\"elementor-widget-container\">\n\t\t\t\t\t\t\t\t\t<p>Tret\u00ed krok<\/p>\t\t\t\t\t\t\t\t<\/div>\n\t\t\t\t<\/div>\n\t\t\t\t\t<\/div>\n\t\t<\/div>\n\t\t\t\t\t<\/div>\n\t\t<\/section>\n\t\t\t\t<section class=\"elementor-section elementor-top-section elementor-element elementor-element-63ffc08 elementor-section-boxed elementor-section-height-default elementor-section-height-default\" data-id=\"63ffc08\" data-element_type=\"section\">\n\t\t\t\t\t\t<div class=\"elementor-container elementor-column-gap-default\">\n\t\t\t\t\t<div class=\"elementor-column elementor-col-50 elementor-top-column elementor-element elementor-element-8f4fc03\" data-id=\"8f4fc03\" data-element_type=\"column\">\n\t\t\t<div class=\"elementor-widget-wrap elementor-element-populated\">\n\t\t\t\t\t\t<div class=\"elementor-element elementor-element-d5c9447 elementor-widget elementor-widget-image\" data-id=\"d5c9447\" data-element_type=\"widget\" data-widget_type=\"image.default\">\n\t\t\t\t<div class=\"elementor-widget-container\">\n\t\t\t\t\t\t\t\t\t\t\t\t\t\t\t<img fetchpriority=\"high\" decoding=\"async\" width=\"1024\" height=\"683\" src=\"https:\/\/venusvoucher.eu\/wp-content\/uploads\/2020\/01\/24-1024x683.jpg\" class=\"attachment-large size-large wp-image-1499\" alt=\"\" srcset=\"https:\/\/venusvoucher.eu\/wp-content\/uploads\/2020\/01\/24-1024x683.jpg 1024w, https:\/\/venusvoucher.eu\/wp-content\/uploads\/2020\/01\/24-300x200.jpg 300w, https:\/\/venusvoucher.eu\/wp-content\/uploads\/2020\/01\/24-768x512.jpg 768w, https:\/\/venusvoucher.eu\/wp-content\/uploads\/2020\/01\/24-600x400.jpg 600w\" sizes=\"(max-width: 1024px) 100vw, 1024px\" \/>\t\t\t\t\t\t\t\t\t\t\t\t\t\t\t<\/div>\n\t\t\t\t<\/div>\n\t\t\t\t\t<\/div>\n\t\t<\/div>\n\t\t\t\t<div class=\"elementor-column elementor-col-50 elementor-top-column elementor-element elementor-element-a0c663a\" data-id=\"a0c663a\" data-element_type=\"column\">\n\t\t\t<div class=\"elementor-widget-wrap elementor-element-populated\">\n\t\t\t\t\t\t<div class=\"elementor-element elementor-element-d576b2e elementor-widget elementor-widget-text-editor\" data-id=\"d576b2e\" data-element_type=\"widget\" data-widget_type=\"text-editor.default\">\n\t\t\t\t<div class=\"elementor-widget-container\">\n\t\t\t\t\t\t\t\t\t<p><span style=\"color: #000000;\">Rozsah a hodnota z\u013eavov\u00e9ho bal\u00edka pon\u00fakan\u00e9ho ka\u017ed\u00fdm z poskytovate\u013eov slu\u017eieb zapojen\u00fdch do kampane VenusProjekt sa l\u00ed\u0161i. Rovnako ako oblas\u0165, v ktorej je v\u00e1m slu\u017eba poskytovan\u00e1. Pre \u013eah\u0161iu orient\u00e1ciu sme tieto kategorizovali <span style=\"color: #008000;\"><a href=\"https:\/\/venusvoucher.eu\/venuspoints\/aqua\/\">Aqua<\/a> Fitness sauna re\u0161taur\u00e1cia <span style=\"color: #000000;\">c\u00edmkateg\u00f3ri\u00e1k alatt. Ezt a bal fels\u0151 r\u00e9szen tal\u00e1lhat\u00f3\u00a0 &#8222;<span style=\"color: #008000;\">Venu\u0161ine body \u201c<\/span> kartu kliknut\u00edm na vyskakovacie tla\u010didlo pod\u013ea v\u00e1\u0161ho v\u00fdberu.\u00a0<\/span><\/span><\/span><\/p>\t\t\t\t\t\t\t\t<\/div>\n\t\t\t\t<\/div>\n\t\t\t\t<div class=\"elementor-element elementor-element-7dc3004 elementor-widget elementor-widget-accordion\" data-id=\"7dc3004\" data-element_type=\"widget\" data-widget_type=\"accordion.default\">\n\t\t\t\t<div class=\"elementor-widget-container\">\n\t\t\t\t\t\t\t<div class=\"elementor-accordion\">\n\t\t\t\t\t\t\t<div class=\"elementor-accordion-item\">\n\t\t\t\t\t<div id=\"elementor-tab-title-1311\" class=\"elementor-tab-title\" data-tab=\"1\" role=\"button\" aria-controls=\"elementor-tab-content-1311\" aria-expanded=\"false\">\n\t\t\t\t\t\t\t\t\t\t\t\t\t<span class=\"elementor-accordion-icon elementor-accordion-icon-left\" aria-hidden=\"true\">\n\t\t\t\t\t\t\t\t\t\t\t\t\t\t\t<span class=\"elementor-accordion-icon-closed\"><i class=\"fas fa-plus\"><\/i><\/span>\n\t\t\t\t\t\t\t\t<span class=\"elementor-accordion-icon-opened\"><i class=\"fas fa-minus\"><\/i><\/span>\n\t\t\t\t\t\t\t\t\t\t\t\t\t\t<\/span>\n\t\t\t\t\t\t\t\t\t\t\t\t<a class=\"elementor-accordion-title\" tabindex=\"0\">D\u00f4le\u017eit\u00e1 inform\u00e1cia.<\/a>\n\t\t\t\t\t<\/div>\n\t\t\t\t\t<div id=\"elementor-tab-content-1311\" class=\"elementor-tab-content elementor-clearfix\" data-tab=\"1\" role=\"region\" aria-labelledby=\"elementor-tab-title-1311\"><p><span style=\"color: #000000;\">The <span style=\"color: #008000;\">Saunov\u00e1 re\u0161taur\u00e1cia Aqua Fitness<\/span>\u00a0Z\u013eavy, ktor\u00e9 sa vz\u0165ahuj\u00fa na pou\u017eitie \u0161ekovej kni\u017eky VenusProjekt, boli uveden\u00e9 osobitne v ka\u017edej z na\u0161ich pon\u00fak ni\u017e\u0161ie. Pou\u017eit\u00edm ka\u017edej karty z\u00edskate z\u013eavu uveden\u00fa na str\u00e1nke pod\u013ea ceny l\u00edstka na osobu \/ de\u0148 alebo l\u00edstka \u0161it\u00e9ho na mieru danej pr\u00edle\u017eitosti.<\/span><\/p><\/div>\n\t\t\t\t<\/div>\n\t\t\t\t\t\t\t<div class=\"elementor-accordion-item\">\n\t\t\t\t\t<div id=\"elementor-tab-title-1312\" class=\"elementor-tab-title\" data-tab=\"2\" role=\"button\" aria-controls=\"elementor-tab-content-1312\" aria-expanded=\"false\">\n\t\t\t\t\t\t\t\t\t\t\t\t\t<span class=\"elementor-accordion-icon elementor-accordion-icon-left\" aria-hidden=\"true\">\n\t\t\t\t\t\t\t\t\t\t\t\t\t\t\t<span class=\"elementor-accordion-icon-closed\"><i class=\"fas fa-plus\"><\/i><\/span>\n\t\t\t\t\t\t\t\t<span class=\"elementor-accordion-icon-opened\"><i class=\"fas fa-minus\"><\/i><\/span>\n\t\t\t\t\t\t\t\t\t\t\t\t\t\t<\/span>\n\t\t\t\t\t\t\t\t\t\t\t\t<a class=\"elementor-accordion-title\" tabindex=\"0\">D\u00e1vame do pozornosti.<\/a>\n\t\t\t\t\t<\/div>\n\t\t\t\t\t<div id=\"elementor-tab-content-1312\" class=\"elementor-tab-content elementor-clearfix\" data-tab=\"2\" role=\"region\" aria-labelledby=\"elementor-tab-title-1312\"><p><span style=\"color: #000000;\">Poukazy VenusPrjekt nie je mo\u017en\u00e9 kombinova\u0165 ani meni\u0165 so \u017eiadnym zo z\u013eavov\u00fdch bal\u00edkov ozn\u00e1men\u00fdch poskytovate\u013emi slu\u017eieb z\u00fa\u010dast\u0148uj\u00facich sa na VenusPrjekt. Aby sa zabr\u00e1nilo nedorozumeniam, odpor\u00fa\u010da sa zaka\u017ed\u00fdm telefonick\u00e9 potvrdenie od vybran\u00e9ho poskytovate\u013ea slu\u017eieb. Nestoj\u00ed to ni\u010d, ale zvy\u0161uje to v\u00e1\u0161 pocit bezpe\u010dia.<\/span><\/p><\/div>\n\t\t\t\t<\/div>\n\t\t\t\t\t\t\t\t<\/div>\n\t\t\t\t\t\t<\/div>\n\t\t\t\t<\/div>\n\t\t\t\t\t<\/div>\n\t\t<\/div>\n\t\t\t\t\t<\/div>\n\t\t<\/section>\n\t\t\t\t<section class=\"elementor-section elementor-top-section elementor-element elementor-element-179a2fc elementor-section-boxed elementor-section-height-default elementor-section-height-default\" data-id=\"179a2fc\" data-element_type=\"section\">\n\t\t\t\t\t\t<div class=\"elementor-container elementor-column-gap-default\">\n\t\t\t\t\t<div class=\"elementor-column elementor-col-50 elementor-top-column elementor-element elementor-element-2bf161f\" data-id=\"2bf161f\" data-element_type=\"column\">\n\t\t\t<div class=\"elementor-widget-wrap elementor-element-populated\">\n\t\t\t\t\t\t<div class=\"elementor-element elementor-element-b9ddfbf elementor-widget elementor-widget-text-editor\" data-id=\"b9ddfbf\" data-element_type=\"widget\" data-widget_type=\"text-editor.default\">\n\t\t\t\t<div class=\"elementor-widget-container\">\n\t\t\t\t\t\t\t\t\t<p><span style=\"color: #000000;\">Ak sa v\u00e1m podarilo vzbudi\u0165 zvedavos\u0165 a servisn\u00e9 jednotky, ktor\u00e9 sa v\u00e1m p\u00e1\u010dia, u\u017e boli vybran\u00e9 z na\u0161ej ponuky a po\u017eadujete na\u0161e z\u013eavy, nezost\u00e1va v\u00e1m ni\u010d in\u00e9, ako si vybra\u0165 ten prav\u00fd pre v\u00e1s. <span style=\"color: #008000;\">VenusProjekt<\/span> jednu zo z\u013eavov\u00fdch kariet a svoju objedn\u00e1vku m\u00f4\u017eete vykona\u0165 v na\u0161om rozhran\u00ed E-Shopu. Okam\u017eite v\u00e1m po\u0161leme po\u0161tou kartu pod\u013ea v\u00e1\u0161ho v\u00fdberu pre kontaktn\u00e9 \u00fadaje, ktor\u00e9 ste poskytli.<\/span><\/p>\t\t\t\t\t\t\t\t<\/div>\n\t\t\t\t<\/div>\n\t\t\t\t<div class=\"elementor-element elementor-element-518d8b8 elementor-widget elementor-widget-accordion\" data-id=\"518d8b8\" data-element_type=\"widget\" data-widget_type=\"accordion.default\">\n\t\t\t\t<div class=\"elementor-widget-container\">\n\t\t\t\t\t\t\t<div class=\"elementor-accordion\">\n\t\t\t\t\t\t\t<div class=\"elementor-accordion-item\">\n\t\t\t\t\t<div id=\"elementor-tab-title-8551\" class=\"elementor-tab-title\" data-tab=\"1\" role=\"button\" aria-controls=\"elementor-tab-content-8551\" aria-expanded=\"false\">\n\t\t\t\t\t\t\t\t\t\t\t\t\t<span class=\"elementor-accordion-icon elementor-accordion-icon-left\" aria-hidden=\"true\">\n\t\t\t\t\t\t\t\t\t\t\t\t\t\t\t<span class=\"elementor-accordion-icon-closed\"><i class=\"fas fa-plus\"><\/i><\/span>\n\t\t\t\t\t\t\t\t<span class=\"elementor-accordion-icon-opened\"><i class=\"fas fa-minus\"><\/i><\/span>\n\t\t\t\t\t\t\t\t\t\t\t\t\t\t<\/span>\n\t\t\t\t\t\t\t\t\t\t\t\t<a class=\"elementor-accordion-title\" tabindex=\"0\">Odpor\u00fa\u010dame pre va\u0161u pozornos\u0165.<\/a>\n\t\t\t\t\t<\/div>\n\t\t\t\t\t<div id=\"elementor-tab-content-8551\" class=\"elementor-tab-content elementor-clearfix\" data-tab=\"1\" role=\"region\" aria-labelledby=\"elementor-tab-title-8551\"><p><span style=\"color: #000000;\">Je pravda, \u017ee \u0161ekov\u00e1 kni\u017eka je pomenovan\u00e1, ale vy m\u00e1te kontrolu nad cel\u00fdm obsahom \u0161ekovej kni\u017eky, ktor\u00fa vlastn\u00edte. D\u00e1te mu po\u017eadovan\u00fa z\u013eavu.<\/span><\/p><\/div>\n\t\t\t\t<\/div>\n\t\t\t\t\t\t\t<div class=\"elementor-accordion-item\">\n\t\t\t\t\t<div id=\"elementor-tab-title-8552\" class=\"elementor-tab-title\" data-tab=\"2\" role=\"button\" aria-controls=\"elementor-tab-content-8552\" aria-expanded=\"false\">\n\t\t\t\t\t\t\t\t\t\t\t\t\t<span class=\"elementor-accordion-icon elementor-accordion-icon-left\" aria-hidden=\"true\">\n\t\t\t\t\t\t\t\t\t\t\t\t\t\t\t<span class=\"elementor-accordion-icon-closed\"><i class=\"fas fa-plus\"><\/i><\/span>\n\t\t\t\t\t\t\t\t<span class=\"elementor-accordion-icon-opened\"><i class=\"fas fa-minus\"><\/i><\/span>\n\t\t\t\t\t\t\t\t\t\t\t\t\t\t<\/span>\n\t\t\t\t\t\t\t\t\t\t\t\t<a class=\"elementor-accordion-title\" tabindex=\"0\">D\u00f4le\u017eit\u00e1 inform\u00e1cia. <\/a>\n\t\t\t\t\t<\/div>\n\t\t\t\t\t<div id=\"elementor-tab-content-8552\" class=\"elementor-tab-content elementor-clearfix\" data-tab=\"2\" role=\"region\" aria-labelledby=\"elementor-tab-title-8552\"><p>\u00a0<\/p><ol><li><span style=\"color: #000000;\">- u\u017e\u00edvate\u013e kup\u00f3nu VenusProjekt mus\u00ed pri pou\u017eit\u00ed kup\u00f3nov\u00e9ho formul\u00e1ra podp\u00edsa\u0165 a uvies\u0165 d\u00e1tum pou\u017eitia a odovzda\u0165 ho pri pokladni alebo na recepcii.<\/span><\/li><li><span style=\"color: #000000;\">- kup\u00f3nov\u00fa kartu \u201eVenuProjekt\u201c m\u00f4\u017ee jej majite\u013e previes\u0165 na tretiu osobu, aby ju bolo mo\u017en\u00e9 overi\u0165 pri zachovan\u00ed celej hodnoty.<\/span><\/li><li><span style=\"color: #000000;\">- platnos\u0165 slu\u017eby s kup\u00f3novou kartou \u201eVenuProjekt\u201c plat\u00ed v\u017edy v \u010dasovom limite stanovenom pri zak\u00fapen\u00ed danej slu\u017eby!<\/span><\/li><li><span style=\"color: #000000;\">- listy s kup\u00f3nmi \u0161ekovej kni\u017eky \u201eVenuProjekt\u201c je mo\u017en\u00e9 uplatni\u0165 s\u00fa\u010dasne a a\u017e u 1 poskytovate\u013ea slu\u017eieb.<\/span><\/li><li><span style=\"color: #000000;\">- z\u013eavy poskytovan\u00e9 kup\u00f3nov\u00fdmi kartami \u201eVenuProjekt\u201c, nemo\u017eno ich kombinova\u0165 ani kombinova\u0165 s in\u00fdmi propaga\u010dn\u00fdmi cenami alebo z\u013eavami inzerovan\u00fdmi poskytovate\u013eom slu\u017eieb, ktor\u00fd ich akceptuje.<\/span><\/li><li><span style=\"color: #000000;\">- v pr\u00edpade straty \u0161ekovej kni\u017eky VenuProjekt nemo\u017eno od spolo\u010dnosti Venus Projekt Modrany sro ani od jednotliv\u00fdch poskytovate\u013eov slu\u017eieb po\u017eadova\u0165 \u017eiadne pr\u00e1vne ani in\u00e9 od\u0161kodn\u00e9.<\/span><\/li><\/ol><\/div>\n\t\t\t\t<\/div>\n\t\t\t\t\t\t\t\t<\/div>\n\t\t\t\t\t\t<\/div>\n\t\t\t\t<\/div>\n\t\t\t\t\t<\/div>\n\t\t<\/div>\n\t\t\t\t<div class=\"elementor-column elementor-col-50 elementor-top-column elementor-element elementor-element-c613d01\" data-id=\"c613d01\" data-element_type=\"column\">\n\t\t\t<div class=\"elementor-widget-wrap elementor-element-populated\">\n\t\t\t\t\t\t<div class=\"elementor-element elementor-element-07d1eda elementor-widget elementor-widget-image\" data-id=\"07d1eda\" data-element_type=\"widget\" data-widget_type=\"image.default\">\n\t\t\t\t<div class=\"elementor-widget-container\">\n\t\t\t\t\t\t\t\t\t\t\t\t\t\t\t<img decoding=\"async\" width=\"1024\" height=\"907\" src=\"https:\/\/venusvoucher.eu\/wp-content\/uploads\/2020\/01\/laptop-and-coupon-web-1024x907.png\" class=\"attachment-large size-large wp-image-1301\" alt=\"\" srcset=\"https:\/\/venusvoucher.eu\/wp-content\/uploads\/2020\/01\/laptop-and-coupon-web-1024x907.png 1024w, https:\/\/venusvoucher.eu\/wp-content\/uploads\/2020\/01\/laptop-and-coupon-web-300x266.png 300w, https:\/\/venusvoucher.eu\/wp-content\/uploads\/2020\/01\/laptop-and-coupon-web-768x680.png 768w, https:\/\/venusvoucher.eu\/wp-content\/uploads\/2020\/01\/laptop-and-coupon-web-600x531.png 600w\" sizes=\"(max-width: 1024px) 100vw, 1024px\" \/>\t\t\t\t\t\t\t\t\t\t\t\t\t\t\t<\/div>\n\t\t\t\t<\/div>\n\t\t\t\t\t<\/div>\n\t\t<\/div>\n\t\t\t\t\t<\/div>\n\t\t<\/section>\n\t\t\t\t<section class=\"elementor-section elementor-top-section elementor-element elementor-element-ba98795 elementor-section-boxed elementor-section-height-default elementor-section-height-default\" data-id=\"ba98795\" data-element_type=\"section\">\n\t\t\t\t\t\t<div class=\"elementor-container elementor-column-gap-default\">\n\t\t\t\t\t<div class=\"elementor-column elementor-col-50 elementor-top-column elementor-element elementor-element-bc327e7\" data-id=\"bc327e7\" data-element_type=\"column\">\n\t\t\t<div class=\"elementor-widget-wrap elementor-element-populated\">\n\t\t\t\t\t\t<div class=\"elementor-element elementor-element-726bfce elementor-widget elementor-widget-image\" data-id=\"726bfce\" data-element_type=\"widget\" data-widget_type=\"image.default\">\n\t\t\t\t<div class=\"elementor-widget-container\">\n\t\t\t\t\t\t\t\t\t\t\t\t\t\t\t<img decoding=\"async\" width=\"1024\" height=\"683\" src=\"https:\/\/venusvoucher.eu\/wp-content\/uploads\/2019\/12\/pexels-photo-1024x683.jpg\" class=\"attachment-large size-large wp-image-1158\" alt=\"\" srcset=\"https:\/\/venusvoucher.eu\/wp-content\/uploads\/2019\/12\/pexels-photo-1024x683.jpg 1024w, https:\/\/venusvoucher.eu\/wp-content\/uploads\/2019\/12\/pexels-photo-300x200.jpg 300w, https:\/\/venusvoucher.eu\/wp-content\/uploads\/2019\/12\/pexels-photo-768x512.jpg 768w, https:\/\/venusvoucher.eu\/wp-content\/uploads\/2019\/12\/pexels-photo-600x400.jpg 600w\" sizes=\"(max-width: 1024px) 100vw, 1024px\" \/>\t\t\t\t\t\t\t\t\t\t\t\t\t\t\t<\/div>\n\t\t\t\t<\/div>\n\t\t\t\t\t<\/div>\n\t\t<\/div>\n\t\t\t\t<div class=\"elementor-column elementor-col-50 elementor-top-column elementor-element elementor-element-29cf43c\" data-id=\"29cf43c\" data-element_type=\"column\">\n\t\t\t<div class=\"elementor-widget-wrap elementor-element-populated\">\n\t\t\t\t\t\t<div class=\"elementor-element elementor-element-a0815bf elementor-widget elementor-widget-text-editor\" data-id=\"a0815bf\" data-element_type=\"widget\" data-widget_type=\"text-editor.default\">\n\t\t\t\t<div class=\"elementor-widget-container\">\n\t\t\t\t\t\t\t\t\t<p><span style=\"color: #000000;\">Vytvorili sme pre v\u00e1s rozhranie, kde a <span style=\"color: #008000;\">VenusProjekt<\/span> n\u00e1jdete umiestnenie bodov. V\u010faka inteligentn\u00e9mu telef\u00f3nu sme zjednodu\u0161ili, u\u013eah\u010dili a spreh\u013eadnili aktu\u00e1lnu vzdialenos\u0165 medzi va\u0161ou aktu\u00e1lnou poz\u00edciou a zvolen\u00fdm cie\u013eom. T\u00e1to funkcia funguje aj ako GPS. Prajem dobr\u00fd v\u00fdlet.<\/span><\/p>\t\t\t\t\t\t\t\t<\/div>\n\t\t\t\t<\/div>\n\t\t\t\t<div class=\"elementor-element elementor-element-12d3353 elementor-widget elementor-widget-accordion\" data-id=\"12d3353\" data-element_type=\"widget\" data-widget_type=\"accordion.default\">\n\t\t\t\t<div class=\"elementor-widget-container\">\n\t\t\t\t\t\t\t<div class=\"elementor-accordion\">\n\t\t\t\t\t\t\t<div class=\"elementor-accordion-item\">\n\t\t\t\t\t<div id=\"elementor-tab-title-1971\" class=\"elementor-tab-title\" data-tab=\"1\" role=\"button\" aria-controls=\"elementor-tab-content-1971\" aria-expanded=\"false\">\n\t\t\t\t\t\t\t\t\t\t\t\t\t<span class=\"elementor-accordion-icon elementor-accordion-icon-left\" aria-hidden=\"true\">\n\t\t\t\t\t\t\t\t\t\t\t\t\t\t\t<span class=\"elementor-accordion-icon-closed\"><i class=\"fas fa-plus\"><\/i><\/span>\n\t\t\t\t\t\t\t\t<span class=\"elementor-accordion-icon-opened\"><i class=\"fas fa-minus\"><\/i><\/span>\n\t\t\t\t\t\t\t\t\t\t\t\t\t\t<\/span>\n\t\t\t\t\t\t\t\t\t\t\t\t<a class=\"elementor-accordion-title\" tabindex=\"0\">Mapa.<\/a>\n\t\t\t\t\t<\/div>\n\t\t\t\t\t<div id=\"elementor-tab-content-1971\" class=\"elementor-tab-content elementor-clearfix\" data-tab=\"1\" role=\"region\" aria-labelledby=\"elementor-tab-title-1971\"><p><span style=\"color: #000000;\">Bezplatne pou\u017eite\u013en\u00e9 rozhranie, kde si m\u00f4\u017eete napl\u00e1nova\u0165 \u010das potrebn\u00fd na vzdialenos\u0165 medzi bodmi ovplyvnen\u00fdmi va\u0161ou cestou. Pozri sa okolo. Kliknut\u00edm na body sa zobraz\u00ed dostupnos\u0165 danej slu\u017eby.<\/span><\/p><\/div>\n\t\t\t\t<\/div>\n\t\t\t\t\t\t\t<div class=\"elementor-accordion-item\">\n\t\t\t\t\t<div id=\"elementor-tab-title-1972\" class=\"elementor-tab-title\" data-tab=\"2\" role=\"button\" aria-controls=\"elementor-tab-content-1972\" aria-expanded=\"false\">\n\t\t\t\t\t\t\t\t\t\t\t\t\t<span class=\"elementor-accordion-icon elementor-accordion-icon-left\" aria-hidden=\"true\">\n\t\t\t\t\t\t\t\t\t\t\t\t\t\t\t<span class=\"elementor-accordion-icon-closed\"><i class=\"fas fa-plus\"><\/i><\/span>\n\t\t\t\t\t\t\t\t<span class=\"elementor-accordion-icon-opened\"><i class=\"fas fa-minus\"><\/i><\/span>\n\t\t\t\t\t\t\t\t\t\t\t\t\t\t<\/span>\n\t\t\t\t\t\t\t\t\t\t\t\t<a class=\"elementor-accordion-title\" tabindex=\"0\">Funkcia GPS.<\/a>\n\t\t\t\t\t<\/div>\n\t\t\t\t\t<div id=\"elementor-tab-content-1972\" class=\"elementor-tab-content elementor-clearfix\" data-tab=\"2\" role=\"region\" aria-labelledby=\"elementor-tab-title-1972\"><p><span style=\"color: #000000;\">Toto je slu\u017eba sponzorovan\u00e1 spolo\u010dnos\u0165ou Google, ktor\u00e1 vy\u017eaduje, aby mal v\u00e1\u0161 smartphone pr\u00edstup a \u00fadr\u017ebu internetov\u00fdch slu\u017eieb, aby fungoval presne a hladko. Pre bezprobl\u00e9mov\u00fd chod tejto slu\u017eby je bohu\u017eia\u013e nevyhnutn\u00e9 d\u00e1tov\u00e9 pripojenie.<\/span><\/p><\/div>\n\t\t\t\t<\/div>\n\t\t\t\t\t\t\t\t<\/div>\n\t\t\t\t\t\t<\/div>\n\t\t\t\t<\/div>\n\t\t\t\t\t<\/div>\n\t\t<\/div>\n\t\t\t\t\t<\/div>\n\t\t<\/section>\n\t\t\t\t<\/div>","protected":false},"excerpt":{"rendered":"<p>\u00e1ltal\u00e1nos t\u00e1j\u00e9koztat\u00f3 1. 1. Els\u0151 l\u00e9p\u00e9s 2. 2. M\u00e1sodik l\u00e9p\u00e9s 3. 3. Harmadik l\u00e9p\u00e9s A VenusProjekt kamp\u00e1nyban r\u00e9szt v\u00e1llal\u00f3 szolg\u00e1ltat\u00f3k mindegyike \u00e1ltal v\u00e1llalt kedvezm\u00e9nycsomag m\u00e9rt\u00e9ke \u00e9s \u00e9rt\u00e9ke v\u00e1ltoz\u00f3. Ahogyan az is, hogy mely ter\u00fcleten ny\u00fajtanak a sz\u00e1modra szolg\u00e1ltat\u00e1st. Ezeket mi, a k\u00f6nnyebb \u00e1ttekint\u00e9s \u00e9rdel\u00e9ben el\u0151 kategoriz\u00e1ltuk az Aqua Fitness Sauna Restaurant c\u00edmkateg\u00f3ri\u00e1k alatt. Ezt a [&hellip;]<\/p>","protected":false},"author":1,"featured_media":0,"parent":0,"menu_order":0,"comment_status":"closed","ping_status":"closed","template":"elementor_header_footer","meta":{"ocean_post_layout":"","ocean_both_sidebars_style":"","ocean_both_sidebars_content_width":0,"ocean_both_sidebars_sidebars_width":0,"ocean_sidebar":"0","ocean_second_sidebar":"0","ocean_disable_margins":"enable","ocean_add_body_class":"","ocean_shortcode_before_top_bar":"","ocean_shortcode_after_top_bar":"","ocean_shortcode_before_header":"","ocean_shortcode_after_header":"","ocean_has_shortcode":"","ocean_shortcode_after_title":"","ocean_shortcode_before_footer_widgets":"","ocean_shortcode_after_footer_widgets":"","ocean_shortcode_before_footer_bottom":"","ocean_shortcode_after_footer_bottom":"","ocean_display_top_bar":"default","ocean_display_header":"default","ocean_header_style":"","ocean_center_header_left_menu":"0","ocean_custom_header_template":"0","ocean_custom_logo":0,"ocean_custom_retina_logo":0,"ocean_custom_logo_max_width":0,"ocean_custom_logo_tablet_max_width":0,"ocean_custom_logo_mobile_max_width":0,"ocean_custom_logo_max_height":0,"ocean_custom_logo_tablet_max_height":0,"ocean_custom_logo_mobile_max_height":0,"ocean_header_custom_menu":"0","ocean_menu_typo_font_family":"0","ocean_menu_typo_font_subset":"","ocean_menu_typo_font_size":0,"ocean_menu_typo_font_size_tablet":0,"ocean_menu_typo_font_size_mobile":0,"ocean_menu_typo_font_size_unit":"px","ocean_menu_typo_font_weight":"","ocean_menu_typo_font_weight_tablet":"","ocean_menu_typo_font_weight_mobile":"","ocean_menu_typo_transform":"","ocean_menu_typo_transform_tablet":"","ocean_menu_typo_transform_mobile":"","ocean_menu_typo_line_height":0,"ocean_menu_typo_line_height_tablet":0,"ocean_menu_typo_line_height_mobile":0,"ocean_menu_typo_line_height_unit":"","ocean_menu_typo_spacing":0,"ocean_menu_typo_spacing_tablet":0,"ocean_menu_typo_spacing_mobile":0,"ocean_menu_typo_spacing_unit":"","ocean_menu_link_color":"","ocean_menu_link_color_hover":"","ocean_menu_link_color_active":"","ocean_menu_link_background":"","ocean_menu_link_hover_background":"","ocean_menu_link_active_background":"","ocean_menu_social_links_bg":"","ocean_menu_social_hover_links_bg":"","ocean_menu_social_links_color":"","ocean_menu_social_hover_links_color":"","ocean_disable_title":"on","ocean_disable_heading":"default","ocean_post_title":"","ocean_post_subheading":"","ocean_post_title_style":"","ocean_post_title_background_color":"","ocean_post_title_background":0,"ocean_post_title_bg_image_position":"","ocean_post_title_bg_image_attachment":"","ocean_post_title_bg_image_repeat":"","ocean_post_title_bg_image_size":"","ocean_post_title_height":0,"ocean_post_title_bg_overlay":0.5,"ocean_post_title_bg_overlay_color":"","ocean_disable_breadcrumbs":"default","ocean_breadcrumbs_color":"","ocean_breadcrumbs_separator_color":"","ocean_breadcrumbs_links_color":"","ocean_breadcrumbs_links_hover_color":"","ocean_display_footer_widgets":"default","ocean_display_footer_bottom":"default","ocean_custom_footer_template":"0","footnotes":""},"class_list":["post-1364","page","type-page","status-publish","hentry","entry"],"_links":{"self":[{"href":"https:\/\/venusvoucher.eu\/sk\/wp-json\/wp\/v2\/pages\/1364","targetHints":{"allow":["GET"]}}],"collection":[{"href":"https:\/\/venusvoucher.eu\/sk\/wp-json\/wp\/v2\/pages"}],"about":[{"href":"https:\/\/venusvoucher.eu\/sk\/wp-json\/wp\/v2\/types\/page"}],"author":[{"embeddable":true,"href":"https:\/\/venusvoucher.eu\/sk\/wp-json\/wp\/v2\/users\/1"}],"replies":[{"embeddable":true,"href":"https:\/\/venusvoucher.eu\/sk\/wp-json\/wp\/v2\/comments?post=1364"}],"version-history":[{"count":25,"href":"https:\/\/venusvoucher.eu\/sk\/wp-json\/wp\/v2\/pages\/1364\/revisions"}],"predecessor-version":[{"id":2933,"href":"https:\/\/venusvoucher.eu\/sk\/wp-json\/wp\/v2\/pages\/1364\/revisions\/2933"}],"wp:attachment":[{"href":"https:\/\/venusvoucher.eu\/sk\/wp-json\/wp\/v2\/media?parent=1364"}],"curies":[{"name":"wp","href":"https:\/\/api.w.org\/{rel}","templated":true}]}}