{"id":1273,"date":"2020-01-10T15:58:14","date_gmt":"2020-01-10T15:58:14","guid":{"rendered":"https:\/\/venusprojekt.eu\/?page_id=1273"},"modified":"2020-07-31T09:34:53","modified_gmt":"2020-07-31T09:34:53","slug":"qrcad-info","status":"publish","type":"page","link":"https:\/\/venusvoucher.eu\/sk\/qrcad-info\/","title":{"rendered":"Qrcad info"},"content":{"rendered":"<div data-elementor-type=\"wp-page\" data-elementor-id=\"1273\" class=\"elementor elementor-1273\" data-elementor-post-type=\"page\">\n\t\t\t\t\t\t<section class=\"elementor-section elementor-top-section elementor-element elementor-element-fc52c30 elementor-section-boxed elementor-section-height-default elementor-section-height-default\" data-id=\"fc52c30\" data-element_type=\"section\" data-settings=\"{&quot;background_background&quot;:&quot;classic&quot;}\">\n\t\t\t\t\t\t<div class=\"elementor-container elementor-column-gap-default\">\n\t\t\t\t\t<div class=\"elementor-column elementor-col-100 elementor-top-column elementor-element elementor-element-267e66e\" data-id=\"267e66e\" data-element_type=\"column\">\n\t\t\t<div class=\"elementor-widget-wrap elementor-element-populated\">\n\t\t\t\t\t\t<div class=\"elementor-element elementor-element-33fe43d elementor-widget elementor-widget-heading\" data-id=\"33fe43d\" data-element_type=\"widget\" data-widget_type=\"heading.default\">\n\t\t\t\t<div class=\"elementor-widget-container\">\n\t\t\t\t\t<h2 class=\"elementor-heading-title elementor-size-default\">Naskenujte qr k\u00f3d<\/h2>\t\t\t\t<\/div>\n\t\t\t\t<\/div>\n\t\t\t\t<div class=\"elementor-element elementor-element-321d784 elementor-widget elementor-widget-text-editor\" data-id=\"321d784\" data-element_type=\"widget\" data-widget_type=\"text-editor.default\">\n\t\t\t\t<div class=\"elementor-widget-container\">\n\t\t\t\t\t\t\t\t\t<p>K\u00f3d m\u00f4\u017eete naskenova\u0165 pomocou \u013eubovo\u013enej vhodnej aplik\u00e1cie vo va\u0161om smartf\u00f3ne.<br \/>Ak nem\u00f4\u017eete n\u00e1js\u0165 aplik\u00e1ciu na skenovanie QR k\u00f3dov, d\u00f4razne odpor\u00fa\u010dame nasledovn\u00e9:<\/p>\t\t\t\t\t\t\t\t<\/div>\n\t\t\t\t<\/div>\n\t\t\t\t<section class=\"elementor-section elementor-inner-section elementor-element elementor-element-c9bd481 elementor-section-boxed elementor-section-height-default elementor-section-height-default\" data-id=\"c9bd481\" data-element_type=\"section\">\n\t\t\t\t\t\t<div class=\"elementor-container elementor-column-gap-default\">\n\t\t\t\t\t<div class=\"elementor-column elementor-col-50 elementor-inner-column elementor-element elementor-element-ba0a22e\" data-id=\"ba0a22e\" data-element_type=\"column\">\n\t\t\t<div class=\"elementor-widget-wrap elementor-element-populated\">\n\t\t\t\t\t\t<div class=\"elementor-element elementor-element-2c88d4c elementor-align-right elementor-tablet-align-center elementor-widget elementor-widget-button\" data-id=\"2c88d4c\" data-element_type=\"widget\" data-widget_type=\"button.default\">\n\t\t\t\t<div class=\"elementor-widget-container\">\n\t\t\t\t\t\t\t\t\t<div class=\"elementor-button-wrapper\">\n\t\t\t\t\t<a class=\"elementor-button elementor-button-link elementor-size-md\" href=\"https:\/\/play.google.com\/store\/apps\/details?id=tw.mobileapp.qrcode.banner&#038;hl=en\">\n\t\t\t\t\t\t<span class=\"elementor-button-content-wrapper\">\n\t\t\t\t\t\t<span class=\"elementor-button-icon\">\n\t\t\t\t<i aria-hidden=\"true\" class=\"fab fa-android\"><\/i>\t\t\t<\/span>\n\t\t\t\t\t\t\t\t\t<span class=\"elementor-button-text\">\u010c\u00cdTA\u010cKA QR pre Android<\/span>\n\t\t\t\t\t<\/span>\n\t\t\t\t\t<\/a>\n\t\t\t\t<\/div>\n\t\t\t\t\t\t\t\t<\/div>\n\t\t\t\t<\/div>\n\t\t\t\t\t<\/div>\n\t\t<\/div>\n\t\t\t\t<div class=\"elementor-column elementor-col-50 elementor-inner-column elementor-element elementor-element-d7d52ad\" data-id=\"d7d52ad\" data-element_type=\"column\">\n\t\t\t<div class=\"elementor-widget-wrap elementor-element-populated\">\n\t\t\t\t\t\t<div class=\"elementor-element elementor-element-62099cd elementor-align-left elementor-tablet-align-center elementor-widget elementor-widget-button\" data-id=\"62099cd\" data-element_type=\"widget\" data-widget_type=\"button.default\">\n\t\t\t\t<div class=\"elementor-widget-container\">\n\t\t\t\t\t\t\t\t\t<div class=\"elementor-button-wrapper\">\n\t\t\t\t\t<a class=\"elementor-button elementor-button-link elementor-size-sm\" href=\"https:\/\/support.apple.com\/en-us\/HT208843\">\n\t\t\t\t\t\t<span class=\"elementor-button-content-wrapper\">\n\t\t\t\t\t\t<span class=\"elementor-button-icon\">\n\t\t\t\t<i aria-hidden=\"true\" class=\"fab fa-app-store-ios\"><\/i>\t\t\t<\/span>\n\t\t\t\t\t\t\t\t\t<span class=\"elementor-button-text\">PR\u00cdRU\u010cKA IOS QR<\/span>\n\t\t\t\t\t<\/span>\n\t\t\t\t\t<\/a>\n\t\t\t\t<\/div>\n\t\t\t\t\t\t\t\t<\/div>\n\t\t\t\t<\/div>\n\t\t\t\t\t<\/div>\n\t\t<\/div>\n\t\t\t\t\t<\/div>\n\t\t<\/section>\n\t\t\t\t\t<\/div>\n\t\t<\/div>\n\t\t\t\t\t<\/div>\n\t\t<\/section>\n\t\t\t\t<section class=\"elementor-section elementor-top-section elementor-element elementor-element-c0e894f elementor-section-height-min-height elementor-section-boxed elementor-section-height-default elementor-section-items-middle\" data-id=\"c0e894f\" data-element_type=\"section\" data-settings=\"{&quot;background_background&quot;:&quot;classic&quot;}\">\n\t\t\t\t\t\t<div class=\"elementor-container elementor-column-gap-no\">\n\t\t\t\t\t<div class=\"elementor-column elementor-col-33 elementor-top-column elementor-element elementor-element-49e4109\" data-id=\"49e4109\" data-element_type=\"column\">\n\t\t\t<div class=\"elementor-widget-wrap\">\n\t\t\t\t\t\t\t<\/div>\n\t\t<\/div>\n\t\t\t\t<div class=\"elementor-column elementor-col-33 elementor-top-column elementor-element elementor-element-a77223a\" data-id=\"a77223a\" data-element_type=\"column\">\n\t\t\t<div class=\"elementor-widget-wrap elementor-element-populated\">\n\t\t\t\t\t\t<div class=\"elementor-element elementor-element-1f12bee elementor-widget elementor-widget-image\" data-id=\"1f12bee\" data-element_type=\"widget\" data-widget_type=\"image.default\">\n\t\t\t\t<div class=\"elementor-widget-container\">\n\t\t\t\t\t\t\t\t\t\t\t\t\t\t\t<img fetchpriority=\"high\" decoding=\"async\" width=\"1024\" height=\"819\" src=\"https:\/\/venusvoucher.eu\/wp-content\/uploads\/2020\/01\/card-edit-1MockUp_1-1024x819.png\" class=\"attachment-large size-large wp-image-1283\" alt=\"\" srcset=\"https:\/\/venusvoucher.eu\/wp-content\/uploads\/2020\/01\/card-edit-1MockUp_1-1024x819.png 1024w, https:\/\/venusvoucher.eu\/wp-content\/uploads\/2020\/01\/card-edit-1MockUp_1-300x240.png 300w, https:\/\/venusvoucher.eu\/wp-content\/uploads\/2020\/01\/card-edit-1MockUp_1-768x614.png 768w, https:\/\/venusvoucher.eu\/wp-content\/uploads\/2020\/01\/card-edit-1MockUp_1-600x480.png 600w\" sizes=\"(max-width: 1024px) 100vw, 1024px\" \/>\t\t\t\t\t\t\t\t\t\t\t\t\t\t\t<\/div>\n\t\t\t\t<\/div>\n\t\t\t\t\t<\/div>\n\t\t<\/div>\n\t\t\t\t<div class=\"elementor-column elementor-col-33 elementor-top-column elementor-element elementor-element-f047e71\" data-id=\"f047e71\" data-element_type=\"column\">\n\t\t\t<div class=\"elementor-widget-wrap elementor-element-populated\">\n\t\t\t\t\t\t<div class=\"elementor-element elementor-element-c9afdde animated-slow elementor-invisible elementor-widget elementor-widget-image\" data-id=\"c9afdde\" data-element_type=\"widget\" data-settings=\"{&quot;_animation&quot;:&quot;bounceInUp&quot;}\" data-widget_type=\"image.default\">\n\t\t\t\t<div class=\"elementor-widget-container\">\n\t\t\t\t\t\t\t\t\t\t\t\t\t\t\t<img decoding=\"async\" width=\"1024\" height=\"683\" src=\"https:\/\/venusvoucher.eu\/wp-content\/uploads\/2020\/01\/iPhone_\u0425_Mockup-kis-felbont\u00e1s\u00fa-1024x683.png\" class=\"attachment-large size-large wp-image-1286\" alt=\"\" srcset=\"https:\/\/venusvoucher.eu\/wp-content\/uploads\/2020\/01\/iPhone_\u0425_Mockup-kis-felbont\u00e1s\u00fa-1024x683.png 1024w, https:\/\/venusvoucher.eu\/wp-content\/uploads\/2020\/01\/iPhone_\u0425_Mockup-kis-felbont\u00e1s\u00fa-300x200.png 300w, https:\/\/venusvoucher.eu\/wp-content\/uploads\/2020\/01\/iPhone_\u0425_Mockup-kis-felbont\u00e1s\u00fa-768x512.png 768w, https:\/\/venusvoucher.eu\/wp-content\/uploads\/2020\/01\/iPhone_\u0425_Mockup-kis-felbont\u00e1s\u00fa-600x400.png 600w\" sizes=\"(max-width: 1024px) 100vw, 1024px\" \/>\t\t\t\t\t\t\t\t\t\t\t\t\t\t\t<\/div>\n\t\t\t\t<\/div>\n\t\t\t\t\t<\/div>\n\t\t<\/div>\n\t\t\t\t\t<\/div>\n\t\t<\/section>\n\t\t\t\t<\/div>","protected":false},"excerpt":{"rendered":"<p>Olvassa be a qr k\u00f3dot Beolvashatja a k\u00f3dot az okostelefon b\u00e1rmely megfelel\u0151 alkalmaz\u00e1s\u00e1val.Ha nem tal\u00e1lna QR k\u00f3d leolvas\u00f3 alkalmaz\u00e1st akkor b\u00e1tran aj\u00e1nljuk a k\u00f6vetkez\u0151t: Android QR LEOLVAS\u00d3 IOS QR \u00daTMUTAT\u00d3<\/p>","protected":false},"author":1,"featured_media":0,"parent":0,"menu_order":0,"comment_status":"closed","ping_status":"closed","template":"elementor_header_footer","meta":{"ocean_post_layout":"","ocean_both_sidebars_style":"","ocean_both_sidebars_content_width":0,"ocean_both_sidebars_sidebars_width":0,"ocean_sidebar":"0","ocean_second_sidebar":"0","ocean_disable_margins":"enable","ocean_add_body_class":"","ocean_shortcode_before_top_bar":"","ocean_shortcode_after_top_bar":"","ocean_shortcode_before_header":"","ocean_shortcode_after_header":"","ocean_has_shortcode":"","ocean_shortcode_after_title":"","ocean_shortcode_before_footer_widgets":"","ocean_shortcode_after_footer_widgets":"","ocean_shortcode_before_footer_bottom":"","ocean_shortcode_after_footer_bottom":"","ocean_display_top_bar":"default","ocean_display_header":"default","ocean_header_style":"","ocean_center_header_left_menu":"0","ocean_custom_header_template":"0","ocean_custom_logo":0,"ocean_custom_retina_logo":0,"ocean_custom_logo_max_width":0,"ocean_custom_logo_tablet_max_width":0,"ocean_custom_logo_mobile_max_width":0,"ocean_custom_logo_max_height":0,"ocean_custom_logo_tablet_max_height":0,"ocean_custom_logo_mobile_max_height":0,"ocean_header_custom_menu":"0","ocean_menu_typo_font_family":"0","ocean_menu_typo_font_subset":"","ocean_menu_typo_font_size":0,"ocean_menu_typo_font_size_tablet":0,"ocean_menu_typo_font_size_mobile":0,"ocean_menu_typo_font_size_unit":"px","ocean_menu_typo_font_weight":"","ocean_menu_typo_font_weight_tablet":"","ocean_menu_typo_font_weight_mobile":"","ocean_menu_typo_transform":"","ocean_menu_typo_transform_tablet":"","ocean_menu_typo_transform_mobile":"","ocean_menu_typo_line_height":0,"ocean_menu_typo_line_height_tablet":0,"ocean_menu_typo_line_height_mobile":0,"ocean_menu_typo_line_height_unit":"","ocean_menu_typo_spacing":0,"ocean_menu_typo_spacing_tablet":0,"ocean_menu_typo_spacing_mobile":0,"ocean_menu_typo_spacing_unit":"","ocean_menu_link_color":"","ocean_menu_link_color_hover":"","ocean_menu_link_color_active":"","ocean_menu_link_background":"","ocean_menu_link_hover_background":"","ocean_menu_link_active_background":"","ocean_menu_social_links_bg":"","ocean_menu_social_hover_links_bg":"","ocean_menu_social_links_color":"","ocean_menu_social_hover_links_color":"","ocean_disable_title":"on","ocean_disable_heading":"default","ocean_post_title":"","ocean_post_subheading":"","ocean_post_title_style":"","ocean_post_title_background_color":"","ocean_post_title_background":0,"ocean_post_title_bg_image_position":"","ocean_post_title_bg_image_attachment":"","ocean_post_title_bg_image_repeat":"","ocean_post_title_bg_image_size":"","ocean_post_title_height":0,"ocean_post_title_bg_overlay":0.5,"ocean_post_title_bg_overlay_color":"","ocean_disable_breadcrumbs":"default","ocean_breadcrumbs_color":"","ocean_breadcrumbs_separator_color":"","ocean_breadcrumbs_links_color":"","ocean_breadcrumbs_links_hover_color":"","ocean_display_footer_widgets":"default","ocean_display_footer_bottom":"default","ocean_custom_footer_template":"0","footnotes":""},"class_list":["post-1273","page","type-page","status-publish","hentry","entry"],"_links":{"self":[{"href":"https:\/\/venusvoucher.eu\/sk\/wp-json\/wp\/v2\/pages\/1273","targetHints":{"allow":["GET"]}}],"collection":[{"href":"https:\/\/venusvoucher.eu\/sk\/wp-json\/wp\/v2\/pages"}],"about":[{"href":"https:\/\/venusvoucher.eu\/sk\/wp-json\/wp\/v2\/types\/page"}],"author":[{"embeddable":true,"href":"https:\/\/venusvoucher.eu\/sk\/wp-json\/wp\/v2\/users\/1"}],"replies":[{"embeddable":true,"href":"https:\/\/venusvoucher.eu\/sk\/wp-json\/wp\/v2\/comments?post=1273"}],"version-history":[{"count":11,"href":"https:\/\/venusvoucher.eu\/sk\/wp-json\/wp\/v2\/pages\/1273\/revisions"}],"predecessor-version":[{"id":2441,"href":"https:\/\/venusvoucher.eu\/sk\/wp-json\/wp\/v2\/pages\/1273\/revisions\/2441"}],"wp:attachment":[{"href":"https:\/\/venusvoucher.eu\/sk\/wp-json\/wp\/v2\/media?parent=1273"}],"curies":[{"name":"wp","href":"https:\/\/api.w.org\/{rel}","templated":true}]}}